{"id":305,"date":"2021-12-24T07:48:46","date_gmt":"2021-12-24T07:48:46","guid":{"rendered":"https:\/\/demosites.royal-elementor-addons.com\/nature-v1\/?page_id=305"},"modified":"2026-01-14T20:16:54","modified_gmt":"2026-01-14T20:16:54","slug":"restaurantelacasona","status":"publish","type":"page","link":"https:\/\/casaruralenvalencia.es\/en\/restaurantelacasona","title":{"rendered":"La Casona Restaurant"},"content":{"rendered":"\t\t<div data-elementor-type=\"wp-page\" data-elementor-id=\"305\" class=\"elementor elementor-305\" data-elementor-post-type=\"page\">\n\t\t\t\t\t\t<section class=\"elementor-section elementor-top-section elementor-element elementor-element-b679935 elementor-section-height-min-height elementor-section-boxed elementor-section-height-default elementor-section-items-middle wpr-particle-no wpr-jarallax-no wpr-parallax-no wpr-sticky-section-no\" data-id=\"b679935\" data-element_type=\"section\" data-e-type=\"section\" data-settings=\"{&quot;background_background&quot;:&quot;slideshow&quot;,&quot;background_slideshow_gallery&quot;:[{&quot;id&quot;:1949,&quot;url&quot;:&quot;https:\\\/\\\/casaruralenvalencia.es\\\/wp-content\\\/uploads\\\/2026\\\/01\\\/WhatsApp-Image-2026-01-14-at-3.12.06-PM.jpeg&quot;},{&quot;id&quot;:1951,&quot;url&quot;:&quot;https:\\\/\\\/casaruralenvalencia.es\\\/wp-content\\\/uploads\\\/2026\\\/01\\\/WhatsApp-Image-2026-01-14-at-3.12.06-PM-1.jpeg&quot;},{&quot;id&quot;:1950,&quot;url&quot;:&quot;https:\\\/\\\/casaruralenvalencia.es\\\/wp-content\\\/uploads\\\/2026\\\/01\\\/WhatsApp-Image-2026-01-14-at-3.12.06-PM-2.jpeg&quot;}],&quot;background_slideshow_slide_duration&quot;:3000,&quot;background_slideshow_slide_transition&quot;:&quot;slide_left&quot;,&quot;background_slideshow_transition_duration&quot;:550,&quot;background_slideshow_loop&quot;:&quot;yes&quot;}\">\n\t\t\t\t\t\t\t<div class=\"elementor-background-overlay\"><\/div>\n\t\t\t\t\t\t\t<div class=\"elementor-container elementor-column-gap-default\">\n\t\t\t\t\t<div class=\"elementor-column elementor-col-100 elementor-top-column elementor-element elementor-element-2fa5267\" data-id=\"2fa5267\" data-element_type=\"column\" data-e-type=\"column\">\n\t\t\t<div class=\"elementor-widget-wrap elementor-element-populated\">\n\t\t\t\t\t\t<div class=\"elementor-element elementor-element-f1bf96d elementor-widget elementor-widget-heading\" data-id=\"f1bf96d\" data-element_type=\"widget\" data-e-type=\"widget\" data-widget_type=\"heading.default\">\n\t\t\t\t<div class=\"elementor-widget-container\">\n\t\t\t\t\t<h2 class=\"elementor-heading-title elementor-size-default\">Gastronom\u00eda en la Casona de Albaida<\/h2>\t\t\t\t<\/div>\n\t\t\t\t<\/div>\n\t\t\t\t\t<\/div>\n\t\t<\/div>\n\t\t\t\t\t<\/div>\n\t\t<\/section>\n\t\t\t\t<section class=\"elementor-section elementor-top-section elementor-element elementor-element-6ae609a elementor-hidden-mobile elementor-section-boxed elementor-section-height-default elementor-section-height-default wpr-particle-no wpr-jarallax-no wpr-parallax-no wpr-sticky-section-no\" data-id=\"6ae609a\" data-element_type=\"section\" data-e-type=\"section\">\n\t\t\t\t\t\t<div class=\"elementor-container elementor-column-gap-default\">\n\t\t\t\t\t<div class=\"elementor-column elementor-col-33 elementor-top-column elementor-element elementor-element-fcff9e3\" data-id=\"fcff9e3\" data-element_type=\"column\" data-e-type=\"column\">\n\t\t\t<div class=\"elementor-widget-wrap elementor-element-populated\">\n\t\t\t\t\t\t<div class=\"elementor-element elementor-element-6a2c67f elementor-widget elementor-widget-heading\" data-id=\"6a2c67f\" data-element_type=\"widget\" data-e-type=\"widget\" data-widget_type=\"heading.default\">\n\t\t\t\t<div class=\"elementor-widget-container\">\n\t\t\t\t\t<h2 class=\"elementor-heading-title elementor-size-default\">Degusta nuestros platos tipicos<\/h2>\t\t\t\t<\/div>\n\t\t\t\t<\/div>\n\t\t\t\t<div class=\"elementor-element elementor-element-42f017a elementor-widget-divider--view-line elementor-widget elementor-widget-divider\" data-id=\"42f017a\" data-element_type=\"widget\" data-e-type=\"widget\" data-widget_type=\"divider.default\">\n\t\t\t\t<div class=\"elementor-widget-container\">\n\t\t\t\t\t\t\t<div class=\"elementor-divider\">\n\t\t\t<span class=\"elementor-divider-separator\">\n\t\t\t\t\t\t<\/span>\n\t\t<\/div>\n\t\t\t\t\t\t<\/div>\n\t\t\t\t<\/div>\n\t\t\t\t<div class=\"elementor-element elementor-element-b431b33 elementor-widget elementor-widget-text-editor\" data-id=\"b431b33\" data-element_type=\"widget\" data-e-type=\"widget\" data-widget_type=\"text-editor.default\">\n\t\t\t\t<div class=\"elementor-widget-container\">\n\t\t\t\t\t\t\t\t\t<p>Arroz al horno, coca, embutidos, nuestro propio aceite , nuestro vino, carnes a la brasa y barbacoa<\/p>\t\t\t\t\t\t\t\t<\/div>\n\t\t\t\t<\/div>\n\t\t\t\t\t<\/div>\n\t\t<\/div>\n\t\t\t\t<div class=\"elementor-column elementor-col-33 elementor-top-column elementor-element elementor-element-a7086ca\" data-id=\"a7086ca\" data-element_type=\"column\" data-e-type=\"column\">\n\t\t\t<div class=\"elementor-widget-wrap elementor-element-populated\">\n\t\t\t\t\t\t<div class=\"elementor-element elementor-element-66214da elementor-widget elementor-widget-image\" data-id=\"66214da\" data-element_type=\"widget\" data-e-type=\"widget\" data-widget_type=\"image.default\">\n\t\t\t\t<div class=\"elementor-widget-container\">\n\t\t\t\t\t\t\t\t\t\t\t\t\t\t\t<img fetchpriority=\"high\" decoding=\"async\" width=\"960\" height=\"635\" src=\"https:\/\/casaruralenvalencia.es\/wp-content\/uploads\/2024\/10\/vino-1024x677.webp\" class=\"attachment-large size-large wp-image-1256\" alt=\"\" srcset=\"https:\/\/casaruralenvalencia.es\/wp-content\/uploads\/2024\/10\/vino-1024x677.webp 1024w, https:\/\/casaruralenvalencia.es\/wp-content\/uploads\/2024\/10\/vino-300x198.webp 300w, https:\/\/casaruralenvalencia.es\/wp-content\/uploads\/2024\/10\/vino-768x508.webp 768w, https:\/\/casaruralenvalencia.es\/wp-content\/uploads\/2024\/10\/vino.webp 1077w\" sizes=\"(max-width: 960px) 100vw, 960px\" \/>\t\t\t\t\t\t\t\t\t\t\t\t\t\t\t<\/div>\n\t\t\t\t<\/div>\n\t\t\t\t<div class=\"elementor-element elementor-element-066f449 elementor-widget elementor-widget-image\" data-id=\"066f449\" data-element_type=\"widget\" data-e-type=\"widget\" data-widget_type=\"image.default\">\n\t\t\t\t<div class=\"elementor-widget-container\">\n\t\t\t\t\t\t\t\t\t\t\t\t\t\t\t<img decoding=\"async\" width=\"960\" height=\"540\" src=\"https:\/\/casaruralenvalencia.es\/wp-content\/uploads\/2024\/10\/barbacoa-1024x576.webp\" class=\"attachment-large size-large wp-image-1255\" alt=\"\" srcset=\"https:\/\/casaruralenvalencia.es\/wp-content\/uploads\/2024\/10\/barbacoa-1024x576.webp 1024w, https:\/\/casaruralenvalencia.es\/wp-content\/uploads\/2024\/10\/barbacoa-300x169.webp 300w, https:\/\/casaruralenvalencia.es\/wp-content\/uploads\/2024\/10\/barbacoa-768x432.webp 768w, https:\/\/casaruralenvalencia.es\/wp-content\/uploads\/2024\/10\/barbacoa.webp 1065w\" sizes=\"(max-width: 960px) 100vw, 960px\" \/>\t\t\t\t\t\t\t\t\t\t\t\t\t\t\t<\/div>\n\t\t\t\t<\/div>\n\t\t\t\t\t<\/div>\n\t\t<\/div>\n\t\t\t\t<div class=\"elementor-column elementor-col-33 elementor-top-column elementor-element elementor-element-28edf4b\" data-id=\"28edf4b\" data-element_type=\"column\" data-e-type=\"column\">\n\t\t\t<div class=\"elementor-widget-wrap elementor-element-populated\">\n\t\t\t\t\t\t<div class=\"elementor-element elementor-element-16c2740 elementor-widget__width-initial elementor-widget elementor-widget-image\" data-id=\"16c2740\" data-element_type=\"widget\" data-e-type=\"widget\" data-widget_type=\"image.default\">\n\t\t\t\t<div class=\"elementor-widget-container\">\n\t\t\t\t\t\t\t\t\t\t\t\t\t\t\t<img decoding=\"async\" width=\"474\" height=\"355\" src=\"https:\/\/casaruralenvalencia.es\/wp-content\/uploads\/2024\/10\/arrozh.webp\" class=\"attachment-large size-large wp-image-1254\" alt=\"\" srcset=\"https:\/\/casaruralenvalencia.es\/wp-content\/uploads\/2024\/10\/arrozh.webp 474w, https:\/\/casaruralenvalencia.es\/wp-content\/uploads\/2024\/10\/arrozh-300x225.webp 300w\" sizes=\"(max-width: 474px) 100vw, 474px\" \/>\t\t\t\t\t\t\t\t\t\t\t\t\t\t\t<\/div>\n\t\t\t\t<\/div>\n\t\t\t\t\t<\/div>\n\t\t<\/div>\n\t\t\t\t\t<\/div>\n\t\t<\/section>\n\t\t\t\t<section class=\"elementor-section elementor-top-section elementor-element elementor-element-111bc2e elementor-hidden-desktop elementor-hidden-tablet elementor-section-boxed elementor-section-height-default elementor-section-height-default wpr-particle-no wpr-jarallax-no wpr-parallax-no wpr-sticky-section-no\" data-id=\"111bc2e\" data-element_type=\"section\" data-e-type=\"section\">\n\t\t\t\t\t\t<div class=\"elementor-container elementor-column-gap-default\">\n\t\t\t\t\t<div class=\"elementor-column elementor-col-33 elementor-top-column elementor-element elementor-element-0e5e693\" data-id=\"0e5e693\" data-element_type=\"column\" data-e-type=\"column\">\n\t\t\t<div class=\"elementor-widget-wrap elementor-element-populated\">\n\t\t\t\t\t\t<div class=\"elementor-element elementor-element-7547d4d elementor-widget elementor-widget-heading\" data-id=\"7547d4d\" data-element_type=\"widget\" data-e-type=\"widget\" data-widget_type=\"heading.default\">\n\t\t\t\t<div class=\"elementor-widget-container\">\n\t\t\t\t\t<h2 class=\"elementor-heading-title elementor-size-default\">Degusta nuestros platos tipicos<\/h2>\t\t\t\t<\/div>\n\t\t\t\t<\/div>\n\t\t\t\t<div class=\"elementor-element elementor-element-2b2352a elementor-widget-divider--view-line elementor-widget elementor-widget-divider\" data-id=\"2b2352a\" data-element_type=\"widget\" data-e-type=\"widget\" data-widget_type=\"divider.default\">\n\t\t\t\t<div class=\"elementor-widget-container\">\n\t\t\t\t\t\t\t<div class=\"elementor-divider\">\n\t\t\t<span class=\"elementor-divider-separator\">\n\t\t\t\t\t\t<\/span>\n\t\t<\/div>\n\t\t\t\t\t\t<\/div>\n\t\t\t\t<\/div>\n\t\t\t\t<div class=\"elementor-element elementor-element-7002b25 elementor-widget elementor-widget-text-editor\" data-id=\"7002b25\" data-element_type=\"widget\" data-e-type=\"widget\" data-widget_type=\"text-editor.default\">\n\t\t\t\t<div class=\"elementor-widget-container\">\n\t\t\t\t\t\t\t\t\t<p>Arroz al horno, coca, embutidos, nuestro propio aceite , nuestro vino, carnes a la brasa y barbacoa<\/p>\t\t\t\t\t\t\t\t<\/div>\n\t\t\t\t<\/div>\n\t\t\t\t\t<\/div>\n\t\t<\/div>\n\t\t\t\t<div class=\"elementor-column elementor-col-33 elementor-top-column elementor-element elementor-element-285e4ee\" data-id=\"285e4ee\" data-element_type=\"column\" data-e-type=\"column\">\n\t\t\t<div class=\"elementor-widget-wrap elementor-element-populated\">\n\t\t\t\t\t\t<div class=\"elementor-element elementor-element-73c8265 elementor-widget elementor-widget-image\" data-id=\"73c8265\" data-element_type=\"widget\" data-e-type=\"widget\" data-widget_type=\"image.default\">\n\t\t\t\t<div class=\"elementor-widget-container\">\n\t\t\t\t\t\t\t\t\t\t\t\t\t\t\t<img fetchpriority=\"high\" decoding=\"async\" width=\"960\" height=\"635\" src=\"https:\/\/casaruralenvalencia.es\/wp-content\/uploads\/2024\/10\/vino-1024x677.webp\" class=\"attachment-large size-large wp-image-1256\" alt=\"\" srcset=\"https:\/\/casaruralenvalencia.es\/wp-content\/uploads\/2024\/10\/vino-1024x677.webp 1024w, https:\/\/casaruralenvalencia.es\/wp-content\/uploads\/2024\/10\/vino-300x198.webp 300w, https:\/\/casaruralenvalencia.es\/wp-content\/uploads\/2024\/10\/vino-768x508.webp 768w, https:\/\/casaruralenvalencia.es\/wp-content\/uploads\/2024\/10\/vino.webp 1077w\" sizes=\"(max-width: 960px) 100vw, 960px\" \/>\t\t\t\t\t\t\t\t\t\t\t\t\t\t\t<\/div>\n\t\t\t\t<\/div>\n\t\t\t\t<div class=\"elementor-element elementor-element-e2cf2d7 elementor-widget elementor-widget-image\" data-id=\"e2cf2d7\" data-element_type=\"widget\" data-e-type=\"widget\" data-widget_type=\"image.default\">\n\t\t\t\t<div class=\"elementor-widget-container\">\n\t\t\t\t\t\t\t\t\t\t\t\t\t\t\t<img decoding=\"async\" width=\"960\" height=\"540\" src=\"https:\/\/casaruralenvalencia.es\/wp-content\/uploads\/2024\/10\/barbacoa-1024x576.webp\" class=\"attachment-large size-large wp-image-1255\" alt=\"\" srcset=\"https:\/\/casaruralenvalencia.es\/wp-content\/uploads\/2024\/10\/barbacoa-1024x576.webp 1024w, https:\/\/casaruralenvalencia.es\/wp-content\/uploads\/2024\/10\/barbacoa-300x169.webp 300w, https:\/\/casaruralenvalencia.es\/wp-content\/uploads\/2024\/10\/barbacoa-768x432.webp 768w, https:\/\/casaruralenvalencia.es\/wp-content\/uploads\/2024\/10\/barbacoa.webp 1065w\" sizes=\"(max-width: 960px) 100vw, 960px\" \/>\t\t\t\t\t\t\t\t\t\t\t\t\t\t\t<\/div>\n\t\t\t\t<\/div>\n\t\t\t\t\t<\/div>\n\t\t<\/div>\n\t\t\t\t<div class=\"elementor-column elementor-col-33 elementor-top-column elementor-element elementor-element-36a71f4\" data-id=\"36a71f4\" data-element_type=\"column\" data-e-type=\"column\">\n\t\t\t<div class=\"elementor-widget-wrap\">\n\t\t\t\t\t\t\t<\/div>\n\t\t<\/div>\n\t\t\t\t\t<\/div>\n\t\t<\/section>\n\t\t<div class=\"elementor-element elementor-element-00cdc43 e-flex e-con-boxed wpr-particle-no wpr-jarallax-no wpr-parallax-no wpr-sticky-section-no e-con e-parent\" data-id=\"00cdc43\" data-element_type=\"container\" data-e-type=\"container\">\n\t\t\t\t\t<div class=\"e-con-inner\">\n\t\t\t\t<div class=\"elementor-element elementor-element-7d66a73 elementor-widget elementor-widget-heading\" data-id=\"7d66a73\" data-element_type=\"widget\" data-e-type=\"widget\" data-widget_type=\"heading.default\">\n\t\t\t\t<div class=\"elementor-widget-container\">\n\t\t\t\t\t<h2 class=\"elementor-heading-title elementor-size-default\">Preparamos men\u00fas a tu medida<\/h2>\t\t\t\t<\/div>\n\t\t\t\t<\/div>\n\t\t\t\t<div class=\"elementor-element elementor-element-08ee309 elementor-widget elementor-widget-heading\" data-id=\"08ee309\" data-element_type=\"widget\" data-e-type=\"widget\" data-widget_type=\"heading.default\">\n\t\t\t\t<div class=\"elementor-widget-container\">\n\t\t\t\t\t<h2 class=\"elementor-heading-title elementor-size-default\">Contamos con comedores privados y exclusivos. Solo con reserva previa<\/h2>\t\t\t\t<\/div>\n\t\t\t\t<\/div>\n\t\t\t\t\t<\/div>\n\t\t\t\t<\/div>\n\t\t\t\t<section class=\"elementor-section elementor-top-section elementor-element elementor-element-0eeaf64 elementor-section-height-min-height elementor-section-boxed elementor-section-height-default elementor-section-items-middle wpr-particle-no wpr-jarallax-no wpr-parallax-no wpr-sticky-section-no\" data-id=\"0eeaf64\" data-element_type=\"section\" data-e-type=\"section\" data-settings=\"{&quot;background_background&quot;:&quot;classic&quot;}\">\n\t\t\t\t\t\t<div class=\"elementor-container elementor-column-gap-default\">\n\t\t\t\t\t<div class=\"elementor-column elementor-col-100 elementor-top-column elementor-element elementor-element-5850b49\" data-id=\"5850b49\" data-element_type=\"column\" data-e-type=\"column\">\n\t\t\t<div class=\"elementor-widget-wrap elementor-element-populated\">\n\t\t\t\t\t\t<div class=\"elementor-element elementor-element-d1da6d0 elementor-widget elementor-widget-heading\" data-id=\"d1da6d0\" data-element_type=\"widget\" data-e-type=\"widget\" data-widget_type=\"heading.default\">\n\t\t\t\t<div class=\"elementor-widget-container\">\n\t\t\t\t\t<h2 class=\"elementor-heading-title elementor-size-default\">Tenemos<\/h2>\t\t\t\t<\/div>\n\t\t\t\t<\/div>\n\t\t\t\t<div class=\"elementor-element elementor-element-4068b39 elementor-widget-divider--view-line elementor-widget elementor-widget-divider\" data-id=\"4068b39\" data-element_type=\"widget\" data-e-type=\"widget\" data-widget_type=\"divider.default\">\n\t\t\t\t<div class=\"elementor-widget-container\">\n\t\t\t\t\t\t\t<div class=\"elementor-divider\">\n\t\t\t<span class=\"elementor-divider-separator\">\n\t\t\t\t\t\t<\/span>\n\t\t<\/div>\n\t\t\t\t\t\t<\/div>\n\t\t\t\t<\/div>\n\t\t\t\t<section class=\"elementor-section elementor-inner-section elementor-element elementor-element-39d37f5 elementor-section-boxed elementor-section-height-default elementor-section-height-default wpr-particle-no wpr-jarallax-no wpr-parallax-no wpr-sticky-section-no\" data-id=\"39d37f5\" data-element_type=\"section\" data-e-type=\"section\">\n\t\t\t\t\t\t<div class=\"elementor-container elementor-column-gap-default\">\n\t\t\t\t\t<div class=\"elementor-column elementor-col-33 elementor-inner-column elementor-element elementor-element-6b389c2\" data-id=\"6b389c2\" data-element_type=\"column\" data-e-type=\"column\">\n\t\t\t<div class=\"elementor-widget-wrap elementor-element-populated\">\n\t\t\t\t\t\t<div class=\"elementor-element elementor-element-58851a1 elementor-widget elementor-widget-image\" data-id=\"58851a1\" data-element_type=\"widget\" data-e-type=\"widget\" data-widget_type=\"image.default\">\n\t\t\t\t<div class=\"elementor-widget-container\">\n\t\t\t\t\t\t\t\t\t\t\t\t\t\t\t<img loading=\"lazy\" decoding=\"async\" width=\"960\" height=\"616\" src=\"https:\/\/casaruralenvalencia.es\/wp-content\/uploads\/2024\/10\/IMG_4045-copia-1024x657.webp\" class=\"attachment-large size-large wp-image-1060\" alt=\"\" srcset=\"https:\/\/casaruralenvalencia.es\/wp-content\/uploads\/2024\/10\/IMG_4045-copia-1024x657.webp 1024w, https:\/\/casaruralenvalencia.es\/wp-content\/uploads\/2024\/10\/IMG_4045-copia-300x192.webp 300w, https:\/\/casaruralenvalencia.es\/wp-content\/uploads\/2024\/10\/IMG_4045-copia-768x493.webp 768w, https:\/\/casaruralenvalencia.es\/wp-content\/uploads\/2024\/10\/IMG_4045-copia-1536x985.webp 1536w, https:\/\/casaruralenvalencia.es\/wp-content\/uploads\/2024\/10\/IMG_4045-copia-2048x1314.webp 2048w\" sizes=\"(max-width: 960px) 100vw, 960px\" \/>\t\t\t\t\t\t\t\t\t\t\t\t\t\t\t<\/div>\n\t\t\t\t<\/div>\n\t\t\t\t<div class=\"elementor-element elementor-element-550dfec elementor-widget elementor-widget-heading\" data-id=\"550dfec\" data-element_type=\"widget\" data-e-type=\"widget\" data-widget_type=\"heading.default\">\n\t\t\t\t<div class=\"elementor-widget-container\">\n\t\t\t\t\t<h2 class=\"elementor-heading-title elementor-size-default\">Bodega<\/h2>\t\t\t\t<\/div>\n\t\t\t\t<\/div>\n\t\t\t\t<div class=\"elementor-element elementor-element-69c92ec elementor-widget elementor-widget-text-editor\" data-id=\"69c92ec\" data-element_type=\"widget\" data-e-type=\"widget\" data-widget_type=\"text-editor.default\">\n\t\t\t\t<div class=\"elementor-widget-container\">\n\t\t\t\t\t\t\t\t\t<p><strong>Nuestra Bodega:<\/strong> Aqui encontraras nuestros propios vinos artesanales y lo mejores aceites de oliva.<\/p>\t\t\t\t\t\t\t\t<\/div>\n\t\t\t\t<\/div>\n\t\t\t\t\t<\/div>\n\t\t<\/div>\n\t\t\t\t<div class=\"elementor-column elementor-col-33 elementor-inner-column elementor-element elementor-element-35ba49f\" data-id=\"35ba49f\" data-element_type=\"column\" data-e-type=\"column\">\n\t\t\t<div class=\"elementor-widget-wrap elementor-element-populated\">\n\t\t\t\t\t\t<div class=\"elementor-element elementor-element-825254f elementor-widget elementor-widget-image\" data-id=\"825254f\" data-element_type=\"widget\" data-e-type=\"widget\" data-widget_type=\"image.default\">\n\t\t\t\t<div class=\"elementor-widget-container\">\n\t\t\t\t\t\t\t\t\t\t\t\t\t\t\t<img loading=\"lazy\" decoding=\"async\" width=\"960\" height=\"863\" src=\"https:\/\/casaruralenvalencia.es\/wp-content\/uploads\/2024\/10\/tiendacaso.webp\" class=\"attachment-large size-large wp-image-1518\" alt=\"\" srcset=\"https:\/\/casaruralenvalencia.es\/wp-content\/uploads\/2024\/10\/tiendacaso.webp 960w, https:\/\/casaruralenvalencia.es\/wp-content\/uploads\/2024\/10\/tiendacaso-300x270.webp 300w, https:\/\/casaruralenvalencia.es\/wp-content\/uploads\/2024\/10\/tiendacaso-768x690.webp 768w\" sizes=\"(max-width: 960px) 100vw, 960px\" \/>\t\t\t\t\t\t\t\t\t\t\t\t\t\t\t<\/div>\n\t\t\t\t<\/div>\n\t\t\t\t<div class=\"elementor-element elementor-element-0fc7397 elementor-widget elementor-widget-heading\" data-id=\"0fc7397\" data-element_type=\"widget\" data-e-type=\"widget\" data-widget_type=\"heading.default\">\n\t\t\t\t<div class=\"elementor-widget-container\">\n\t\t\t\t\t<h2 class=\"elementor-heading-title elementor-size-default\">Tienda<\/h2>\t\t\t\t<\/div>\n\t\t\t\t<\/div>\n\t\t\t\t<div class=\"elementor-element elementor-element-8466fa1 elementor-widget elementor-widget-text-editor\" data-id=\"8466fa1\" data-element_type=\"widget\" data-e-type=\"widget\" data-widget_type=\"text-editor.default\">\n\t\t\t\t<div class=\"elementor-widget-container\">\n\t\t\t\t\t\t\t\t\t<p><strong>Nuestra tienda es un tesoro escondido:<\/strong> Descubre una cuidada selecci\u00f3n de antig\u00fcedades \u00fanicas, objetos de colecci\u00f3n y regalos especiales. Adem\u00e1s, podr\u00e1s encontrar una variedad de vinos locales, aceites y deliciosas mermeladas artesanales.<\/p>\t\t\t\t\t\t\t\t<\/div>\n\t\t\t\t<\/div>\n\t\t\t\t\t<\/div>\n\t\t<\/div>\n\t\t\t\t<div class=\"elementor-column elementor-col-33 elementor-inner-column elementor-element elementor-element-46cc47b\" data-id=\"46cc47b\" data-element_type=\"column\" data-e-type=\"column\">\n\t\t\t<div class=\"elementor-widget-wrap elementor-element-populated\">\n\t\t\t\t\t\t<div class=\"elementor-element elementor-element-8d028e2 elementor-widget elementor-widget-image\" data-id=\"8d028e2\" data-element_type=\"widget\" data-e-type=\"widget\" data-widget_type=\"image.default\">\n\t\t\t\t<div class=\"elementor-widget-container\">\n\t\t\t\t\t\t\t\t\t\t\t\t\t\t\t<img loading=\"lazy\" decoding=\"async\" width=\"960\" height=\"720\" src=\"https:\/\/casaruralenvalencia.es\/wp-content\/uploads\/2024\/10\/resta-1024x768.webp\" class=\"attachment-large size-large wp-image-1215\" alt=\"\" srcset=\"https:\/\/casaruralenvalencia.es\/wp-content\/uploads\/2024\/10\/resta-1024x768.webp 1024w, https:\/\/casaruralenvalencia.es\/wp-content\/uploads\/2024\/10\/resta-300x225.webp 300w, https:\/\/casaruralenvalencia.es\/wp-content\/uploads\/2024\/10\/resta-768x576.webp 768w, https:\/\/casaruralenvalencia.es\/wp-content\/uploads\/2024\/10\/resta.webp 1200w\" sizes=\"(max-width: 960px) 100vw, 960px\" \/>\t\t\t\t\t\t\t\t\t\t\t\t\t\t\t<\/div>\n\t\t\t\t<\/div>\n\t\t\t\t<div class=\"elementor-element elementor-element-b0d35ef elementor-widget elementor-widget-heading\" data-id=\"b0d35ef\" data-element_type=\"widget\" data-e-type=\"widget\" data-widget_type=\"heading.default\">\n\t\t\t\t<div class=\"elementor-widget-container\">\n\t\t\t\t\t<h2 class=\"elementor-heading-title elementor-size-default\">Acompa\u00f1amientos<\/h2>\t\t\t\t<\/div>\n\t\t\t\t<\/div>\n\t\t\t\t<div class=\"elementor-element elementor-element-e5e171b elementor-widget elementor-widget-text-editor\" data-id=\"e5e171b\" data-element_type=\"widget\" data-e-type=\"widget\" data-widget_type=\"text-editor.default\">\n\t\t\t\t<div class=\"elementor-widget-container\">\n\t\t\t\t\t\t\t\t\t<p><strong>Celebra tus momentos especiales con nosotros:<\/strong> Contamos con espacios vers\u00e1tiles y acogedores para celebrar cumplea\u00f1os, fiestas privadas, presentaciones y eventos especiales. Nuestro equipo te ayudar\u00e1 a crear una experiencia inolvidable.<\/p>\t\t\t\t\t\t\t\t<\/div>\n\t\t\t\t<\/div>\n\t\t\t\t\t<\/div>\n\t\t<\/div>\n\t\t\t\t\t<\/div>\n\t\t<\/section>\n\t\t\t\t\t<\/div>\n\t\t<\/div>\n\t\t\t\t\t<\/div>\n\t\t<\/section>\n\t\t\t\t<section class=\"elementor-section elementor-top-section elementor-element elementor-element-97ff1fc elementor-section-height-min-height elementor-section-boxed elementor-section-height-default elementor-section-items-middle wpr-particle-no wpr-jarallax-no wpr-parallax-no wpr-sticky-section-no\" data-id=\"97ff1fc\" data-element_type=\"section\" data-e-type=\"section\" data-settings=\"{&quot;background_background&quot;:&quot;classic&quot;}\">\n\t\t\t\t\t\t\t<div class=\"elementor-background-overlay\"><\/div>\n\t\t\t\t\t\t\t<div class=\"elementor-container elementor-column-gap-default\">\n\t\t\t\t\t<div class=\"elementor-column elementor-col-50 elementor-top-column elementor-element elementor-element-2d37b4f\" data-id=\"2d37b4f\" data-element_type=\"column\" data-e-type=\"column\">\n\t\t\t<div class=\"elementor-widget-wrap elementor-element-populated\">\n\t\t\t\t\t\t<div class=\"elementor-element elementor-element-c01e0a5 elementor-widget elementor-widget-heading\" data-id=\"c01e0a5\" data-element_type=\"widget\" data-e-type=\"widget\" data-widget_type=\"heading.default\">\n\t\t\t\t<div class=\"elementor-widget-container\">\n\t\t\t\t\t<h2 class=\"elementor-heading-title elementor-size-default\">Tenemos tambien comidas exclusivas para empresas, grupos o particulares<\/h2>\t\t\t\t<\/div>\n\t\t\t\t<\/div>\n\t\t\t\t<div class=\"elementor-element elementor-element-4ad8834 elementor-widget-divider--view-line elementor-widget elementor-widget-divider\" data-id=\"4ad8834\" data-element_type=\"widget\" data-e-type=\"widget\" data-widget_type=\"divider.default\">\n\t\t\t\t<div class=\"elementor-widget-container\">\n\t\t\t\t\t\t\t<div class=\"elementor-divider\">\n\t\t\t<span class=\"elementor-divider-separator\">\n\t\t\t\t\t\t<\/span>\n\t\t<\/div>\n\t\t\t\t\t\t<\/div>\n\t\t\t\t<\/div>\n\t\t\t\t\t<\/div>\n\t\t<\/div>\n\t\t\t\t<div class=\"elementor-column elementor-col-50 elementor-top-column elementor-element elementor-element-c204c8d elementor-hidden-tablet elementor-hidden-mobile\" data-id=\"c204c8d\" data-element_type=\"column\" data-e-type=\"column\">\n\t\t\t<div class=\"elementor-widget-wrap\">\n\t\t\t\t\t\t\t<\/div>\n\t\t<\/div>\n\t\t\t\t\t<\/div>\n\t\t<\/section>\n\t\t\t\t<\/div>\n\t\t","protected":false},"excerpt":{"rendered":"<p>Gastronom\u00eda en la Casona de Albaida Degusta nuestros platos tipicos Arroz al horno, coca, embutidos, nuestro propio aceite , nuestro vino, carnes a la brasa y barbacoa Degusta nuestros platos tipicos Arroz al horno, coca, embutidos, nuestro propio aceite , nuestro vino, carnes a la brasa y barbacoa Preparamos men\u00fas a tu medida Contamos con comedores privados y exclusivos. Solo con reserva previa Tenemos Bodega Nuestra Bodega: Aqui encontraras nuestros propios vinos artesanales y lo mejores aceites de oliva. Tienda Nuestra tienda es un tesoro escondido: Descubre una cuidada selecci\u00f3n de antig\u00fcedades \u00fanicas, objetos de colecci\u00f3n y regalos especiales. Adem\u00e1s, podr\u00e1s encontrar una variedad de vinos locales, aceites y deliciosas mermeladas artesanales. Acompa\u00f1amientos Celebra tus momentos especiales con nosotros: Contamos con espacios vers\u00e1tiles y acogedores para celebrar cumplea\u00f1os, fiestas privadas, presentaciones y eventos especiales. Nuestro equipo te ayudar\u00e1 a crear una experiencia inolvidable. Tenemos tambien comidas exclusivas para empresas, grupos o particulares<\/p>","protected":false},"author":1,"featured_media":0,"parent":0,"menu_order":0,"comment_status":"closed","ping_status":"closed","template":"elementor_canvas","meta":{"footnotes":""},"class_list":["post-305","page","type-page","status-publish","hentry"],"_links":{"self":[{"href":"https:\/\/casaruralenvalencia.es\/en\/wp-json\/wp\/v2\/pages\/305","targetHints":{"allow":["GET"]}}],"collection":[{"href":"https:\/\/casaruralenvalencia.es\/en\/wp-json\/wp\/v2\/pages"}],"about":[{"href":"https:\/\/casaruralenvalencia.es\/en\/wp-json\/wp\/v2\/types\/page"}],"author":[{"embeddable":true,"href":"https:\/\/casaruralenvalencia.es\/en\/wp-json\/wp\/v2\/users\/1"}],"replies":[{"embeddable":true,"href":"https:\/\/casaruralenvalencia.es\/en\/wp-json\/wp\/v2\/comments?post=305"}],"version-history":[{"count":64,"href":"https:\/\/casaruralenvalencia.es\/en\/wp-json\/wp\/v2\/pages\/305\/revisions"}],"predecessor-version":[{"id":1954,"href":"https:\/\/casaruralenvalencia.es\/en\/wp-json\/wp\/v2\/pages\/305\/revisions\/1954"}],"wp:attachment":[{"href":"https:\/\/casaruralenvalencia.es\/en\/wp-json\/wp\/v2\/media?parent=305"}],"curies":[{"name":"wp","href":"https:\/\/api.w.org\/{rel}","templated":true}]}}