{"id":1378,"date":"2024-10-28T16:39:24","date_gmt":"2024-10-28T16:39:24","guid":{"rendered":"https:\/\/casaruralenvalencia.es\/?page_id=1378"},"modified":"2024-11-16T16:12:18","modified_gmt":"2024-11-16T16:12:18","slug":"asesoramiento-inmobiliario","status":"publish","type":"page","link":"https:\/\/casaruralenvalencia.es\/en\/asesoramiento-inmobiliario","title":{"rendered":"Real estate consulting"},"content":{"rendered":"<div data-elementor-type=\"wp-page\" data-elementor-id=\"1378\" class=\"elementor elementor-1378\" data-elementor-post-type=\"page\">\n\t\t\t\t\t\t<section class=\"elementor-section elementor-top-section elementor-element elementor-element-457876e00 elementor-section-height-min-height elementor-section-stretched elementor-section-boxed elementor-section-height-default elementor-section-items-middle wpr-particle-no wpr-jarallax-no wpr-parallax-no wpr-sticky-section-no\" data-id=\"457876e00\" data-element_type=\"section\" data-e-type=\"section\" data-settings=\"{&quot;background_background&quot;:&quot;classic&quot;,&quot;stretch_section&quot;:&quot;section-stretched&quot;}\">\n\t\t\t\t\t\t\t<div class=\"elementor-background-overlay\"><\/div>\n\t\t\t\t\t\t\t<div class=\"elementor-container elementor-column-gap-default\">\n\t\t\t\t\t<div class=\"elementor-column elementor-col-100 elementor-top-column elementor-element elementor-element-aa9ab24\" data-id=\"aa9ab24\" data-element_type=\"column\" data-e-type=\"column\">\n\t\t\t<div class=\"elementor-widget-wrap elementor-element-populated\">\n\t\t\t\t\t\t<div class=\"elementor-element elementor-element-7eafe28e elementor-widget elementor-widget-heading\" data-id=\"7eafe28e\" data-element_type=\"widget\" data-e-type=\"widget\" data-widget_type=\"heading.default\">\n\t\t\t\t<div class=\"elementor-widget-container\">\n\t\t\t\t\t<h2 class=\"elementor-heading-title elementor-size-default\">We advise you<\/h2>\t\t\t\t<\/div>\n\t\t\t\t<\/div>\n\t\t\t\t\t<\/div>\n\t\t<\/div>\n\t\t\t\t\t<\/div>\n\t\t<\/section>\n\t\t\t\t<section class=\"elementor-section elementor-top-section elementor-element elementor-element-7b2c7169 elementor-section-boxed elementor-section-height-default elementor-section-height-default wpr-particle-no wpr-jarallax-no wpr-parallax-no wpr-sticky-section-no\" data-id=\"7b2c7169\" data-element_type=\"section\" data-e-type=\"section\">\n\t\t\t\t\t\t<div class=\"elementor-container elementor-column-gap-default\">\n\t\t\t\t\t<div class=\"elementor-column elementor-col-50 elementor-top-column elementor-element elementor-element-6775904a\" data-id=\"6775904a\" data-element_type=\"column\" data-e-type=\"column\">\n\t\t\t<div class=\"elementor-widget-wrap elementor-element-populated\">\n\t\t\t\t\t\t<div class=\"elementor-element elementor-element-379ce35c elementor-widget elementor-widget-heading\" data-id=\"379ce35c\" data-element_type=\"widget\" data-e-type=\"widget\" data-widget_type=\"heading.default\">\n\t\t\t\t<div class=\"elementor-widget-container\">\n\t\t\t\t\t<h2 class=\"elementor-heading-title elementor-size-default\">Do you want to buy a house in Albaida?<\/h2>\t\t\t\t<\/div>\n\t\t\t\t<\/div>\n\t\t\t\t<div class=\"elementor-element elementor-element-7098099f elementor-widget-divider--view-line elementor-widget elementor-widget-divider\" data-id=\"7098099f\" data-element_type=\"widget\" data-e-type=\"widget\" data-widget_type=\"divider.default\">\n\t\t\t\t<div class=\"elementor-widget-container\">\n\t\t\t\t\t\t\t<div class=\"elementor-divider\">\n\t\t\t<span class=\"elementor-divider-separator\">\n\t\t\t\t\t\t<\/span>\n\t\t<\/div>\n\t\t\t\t\t\t<\/div>\n\t\t\t\t<\/div>\n\t\t\t\t<div class=\"elementor-element elementor-element-3326436c elementor-widget elementor-widget-text-editor\" data-id=\"3326436c\" data-element_type=\"widget\" data-e-type=\"widget\" data-widget_type=\"text-editor.default\">\n\t\t\t\t<div class=\"elementor-widget-container\">\n\t\t\t\t\t\t\t\t\t<p>Albaida is the ideal place to find the home of your dreams. Surrounded by nature and rich in history, this town offers you the tranquility of a rural setting without sacrificing any modern comforts. Discover cozy, charming homes perfect for settling down, whether you're looking for a family home or a retreat to disconnect. Albaida awaits you with opportunities you won't want to miss.<\/p><p>If you're interested in learning more about our options, click the button and find the home you've always wanted!<\/p>\t\t\t\t\t\t\t\t<\/div>\n\t\t\t\t<\/div>\n\t\t\t\t<div class=\"elementor-element elementor-element-444a2949 btn-asesoramiento e-transform wpr-button-icon-style-inline wpr-button-icon-position-right elementor-widget elementor-widget-wpr-button\" data-id=\"444a2949\" data-element_type=\"widget\" data-e-type=\"widget\" id=\"btn-asesoramiento\" data-settings=\"{&quot;_transform_translateX_effect_hover&quot;:{&quot;unit&quot;:&quot;px&quot;,&quot;size&quot;:&quot;&quot;,&quot;sizes&quot;:[]},&quot;_transform_translateX_effect_hover_tablet&quot;:{&quot;unit&quot;:&quot;px&quot;,&quot;size&quot;:&quot;&quot;,&quot;sizes&quot;:[]},&quot;_transform_translateX_effect_hover_mobile&quot;:{&quot;unit&quot;:&quot;px&quot;,&quot;size&quot;:&quot;&quot;,&quot;sizes&quot;:[]},&quot;_transform_translateY_effect_hover&quot;:{&quot;unit&quot;:&quot;px&quot;,&quot;size&quot;:&quot;&quot;,&quot;sizes&quot;:[]},&quot;_transform_translateY_effect_hover_tablet&quot;:{&quot;unit&quot;:&quot;px&quot;,&quot;size&quot;:&quot;&quot;,&quot;sizes&quot;:[]},&quot;_transform_translateY_effect_hover_mobile&quot;:{&quot;unit&quot;:&quot;px&quot;,&quot;size&quot;:&quot;&quot;,&quot;sizes&quot;:[]}}\" data-widget_type=\"wpr-button.default\">\n\t\t\t\t<div class=\"elementor-widget-container\">\n\t\t\t\t\t\t\n\t\t\t\n\t\t\n\t\t<div class=\"wpr-button-wrap elementor-clearfix\">\n\t\t<a class=\"wpr-button wpr-button-effect wpr-button-none\" data-text=\"\" href=\"#link\">\n\t\t\t\n\t\t\t<span class=\"wpr-button-content\">\n\t\t\t\t\t\t\t\t\t<span class=\"wpr-button-text\">Learn more<\/span>\n\t\t\t\t\t\t\t\t\n\t\t\t\t\t\t\t<\/span>\n\t\t<\/a>\n\n\t\t\t\t<\/div>\n\t\n\t\n\t\t\t\t\t<\/div>\n\t\t\t\t<\/div>\n\t\t\t\t\t<\/div>\n\t\t<\/div>\n\t\t\t\t<div class=\"elementor-column elementor-col-50 elementor-top-column elementor-element elementor-element-152bc6d4\" data-id=\"152bc6d4\" data-element_type=\"column\" data-e-type=\"column\">\n\t\t\t<div class=\"elementor-widget-wrap elementor-element-populated\">\n\t\t\t\t\t\t<div class=\"elementor-element elementor-element-2c0962fb elementor-widget elementor-widget-image\" data-id=\"2c0962fb\" data-element_type=\"widget\" data-e-type=\"widget\" data-widget_type=\"image.default\">\n\t\t\t\t<div class=\"elementor-widget-container\">\n\t\t\t\t\t\t\t\t\t\t\t\t\t\t\t<img fetchpriority=\"high\" decoding=\"async\" width=\"960\" height=\"640\" src=\"https:\/\/casaruralenvalencia.es\/wp-content\/uploads\/2024\/10\/Aldea-1024x683.webp\" class=\"attachment-large size-large wp-image-1396\" alt=\"\" srcset=\"https:\/\/casaruralenvalencia.es\/wp-content\/uploads\/2024\/10\/Aldea-1024x683.webp 1024w, https:\/\/casaruralenvalencia.es\/wp-content\/uploads\/2024\/10\/Aldea-300x200.webp 300w, https:\/\/casaruralenvalencia.es\/wp-content\/uploads\/2024\/10\/Aldea-768x512.webp 768w, https:\/\/casaruralenvalencia.es\/wp-content\/uploads\/2024\/10\/Aldea-1536x1024.webp 1536w, https:\/\/casaruralenvalencia.es\/wp-content\/uploads\/2024\/10\/Aldea.webp 1920w\" sizes=\"(max-width: 960px) 100vw, 960px\" \/>\t\t\t\t\t\t\t\t\t\t\t\t\t\t\t<\/div>\n\t\t\t\t<\/div>\n\t\t\t\t\t<\/div>\n\t\t<\/div>\n\t\t\t\t\t<\/div>\n\t\t<\/section>\n\t\t\t\t<section class=\"elementor-section elementor-top-section elementor-element elementor-element-16c1d66f elementor-section-boxed elementor-section-height-default elementor-section-height-default wpr-particle-no wpr-jarallax-no wpr-parallax-no wpr-sticky-section-no\" data-id=\"16c1d66f\" data-element_type=\"section\" data-e-type=\"section\">\n\t\t\t\t\t\t<div class=\"elementor-container elementor-column-gap-wide\">\n\t\t\t\t\t<div class=\"elementor-column elementor-col-50 elementor-top-column elementor-element elementor-element-5d5c5643\" data-id=\"5d5c5643\" data-element_type=\"column\" data-e-type=\"column\">\n\t\t\t<div class=\"elementor-widget-wrap elementor-element-populated\">\n\t\t\t\t\t\t<div class=\"elementor-element elementor-element-2f026bb elementor-widget elementor-widget-image\" data-id=\"2f026bb\" data-element_type=\"widget\" data-e-type=\"widget\" data-widget_type=\"image.default\">\n\t\t\t\t<div class=\"elementor-widget-container\">\n\t\t\t\t\t\t\t\t\t\t\t\t\t\t\t<img decoding=\"async\" width=\"960\" height=\"540\" src=\"https:\/\/casaruralenvalencia.es\/wp-content\/uploads\/2024\/10\/terreno-1024x576.webp\" class=\"attachment-large size-large wp-image-1423\" alt=\"\" srcset=\"https:\/\/casaruralenvalencia.es\/wp-content\/uploads\/2024\/10\/terreno-1024x576.webp 1024w, https:\/\/casaruralenvalencia.es\/wp-content\/uploads\/2024\/10\/terreno-300x169.webp 300w, https:\/\/casaruralenvalencia.es\/wp-content\/uploads\/2024\/10\/terreno-768x432.webp 768w, https:\/\/casaruralenvalencia.es\/wp-content\/uploads\/2024\/10\/terreno-1536x864.webp 1536w, https:\/\/casaruralenvalencia.es\/wp-content\/uploads\/2024\/10\/terreno.webp 1920w\" sizes=\"(max-width: 960px) 100vw, 960px\" \/>\t\t\t\t\t\t\t\t\t\t\t\t\t\t\t<\/div>\n\t\t\t\t<\/div>\n\t\t\t\t\t<\/div>\n\t\t<\/div>\n\t\t\t\t<div class=\"elementor-column elementor-col-50 elementor-top-column elementor-element elementor-element-3e6fe666\" data-id=\"3e6fe666\" data-element_type=\"column\" data-e-type=\"column\">\n\t\t\t<div class=\"elementor-widget-wrap elementor-element-populated\">\n\t\t\t\t\t\t<div class=\"elementor-element elementor-element-29b4892b elementor-widget-divider--view-line elementor-widget elementor-widget-divider\" data-id=\"29b4892b\" data-element_type=\"widget\" data-e-type=\"widget\" data-widget_type=\"divider.default\">\n\t\t\t\t<div class=\"elementor-widget-container\">\n\t\t\t\t\t\t\t<div class=\"elementor-divider\">\n\t\t\t<span class=\"elementor-divider-separator\">\n\t\t\t\t\t\t<\/span>\n\t\t<\/div>\n\t\t\t\t\t\t<\/div>\n\t\t\t\t<\/div>\n\t\t\t\t<div class=\"elementor-element elementor-element-6b5f932f elementor-widget elementor-widget-text-editor\" data-id=\"6b5f932f\" data-element_type=\"widget\" data-e-type=\"widget\" data-widget_type=\"text-editor.default\">\n\t\t\t\t<div class=\"elementor-widget-container\">\n\t\t\t\t\t\t\t\t\t<p>Building the home of your dreams from scratch or investing in your own space is possible in Albaida. This beautiful town offers you the opportunity to purchase land surrounded by natural landscapes and a peaceful environment. Imagine designing every corner according to your tastes and needs, with the added benefit of being in a community full of history and charm.<\/p><p>If you would like more information about our available land options, click the button and start making your plans a reality!<\/p>\t\t\t\t\t\t\t\t<\/div>\n\t\t\t\t<\/div>\n\t\t\t\t<div class=\"elementor-element elementor-element-167f675 btn-terrenos wpr-button-icon-style-inline wpr-button-icon-position-right elementor-widget elementor-widget-wpr-button\" data-id=\"167f675\" data-element_type=\"widget\" data-e-type=\"widget\" id=\"btn-terrenos\" data-widget_type=\"wpr-button.default\">\n\t\t\t\t<div class=\"elementor-widget-container\">\n\t\t\t\t\t\t\n\t\t\t\n\t\t\n\t\t<div class=\"wpr-button-wrap elementor-clearfix\">\n\t\t<a class=\"wpr-button wpr-button-effect wpr-button-none\" data-text=\"\" href=\"#link\">\n\t\t\t\n\t\t\t<span class=\"wpr-button-content\">\n\t\t\t\t\t\t\t\t\t<span class=\"wpr-button-text\">Learn more<\/span>\n\t\t\t\t\t\t\t\t\n\t\t\t\t\t\t\t<\/span>\n\t\t<\/a>\n\n\t\t\t\t<\/div>\n\t\n\t\n\t\t\t\t\t<\/div>\n\t\t\t\t<\/div>\n\t\t\t\t<div class=\"elementor-element elementor-element-320c843 elementor-widget elementor-widget-heading\" data-id=\"320c843\" data-element_type=\"widget\" data-e-type=\"widget\" data-widget_type=\"heading.default\">\n\t\t\t\t<div class=\"elementor-widget-container\">\n\t\t\t\t\t<h2 class=\"elementor-heading-title elementor-size-default\">Do you want to buy land in Albaida?<\/h2>\t\t\t\t<\/div>\n\t\t\t\t<\/div>\n\t\t\t\t\t<\/div>\n\t\t<\/div>\n\t\t\t\t\t<\/div>\n\t\t<\/section>\n\t\t\t\t<section class=\"elementor-section elementor-top-section elementor-element elementor-element-4fbbfb1c elementor-section-height-min-height elementor-section-full_width elementor-section-stretched elementor-section-height-default elementor-section-items-middle wpr-particle-no wpr-jarallax-no wpr-parallax-no wpr-sticky-section-no\" data-id=\"4fbbfb1c\" data-element_type=\"section\" data-e-type=\"section\" data-settings=\"{&quot;background_background&quot;:&quot;classic&quot;,&quot;stretch_section&quot;:&quot;section-stretched&quot;}\">\n\t\t\t\t\t\t\t<div class=\"elementor-background-overlay\"><\/div>\n\t\t\t\t\t\t\t<div class=\"elementor-container elementor-column-gap-default\">\n\t\t\t\t\t<div class=\"elementor-column elementor-col-50 elementor-top-column elementor-element elementor-element-3866a416 elementor-hidden-tablet elementor-hidden-mobile\" data-id=\"3866a416\" data-element_type=\"column\" data-e-type=\"column\">\n\t\t\t<div class=\"elementor-widget-wrap\">\n\t\t\t\t\t\t\t<\/div>\n\t\t<\/div>\n\t\t\t\t<div class=\"elementor-column elementor-col-50 elementor-top-column elementor-element elementor-element-362fee3a\" data-id=\"362fee3a\" data-element_type=\"column\" data-e-type=\"column\">\n\t\t\t<div class=\"elementor-widget-wrap elementor-element-populated\">\n\t\t\t\t\t\t<div class=\"elementor-element elementor-element-20295e86 elementor-widget elementor-widget-heading\" data-id=\"20295e86\" data-element_type=\"widget\" data-e-type=\"widget\" data-widget_type=\"heading.default\">\n\t\t\t\t<div class=\"elementor-widget-container\">\n\t\t\t\t\t<h2 class=\"elementor-heading-title elementor-size-default\">Are you looking for a rental?<\/h2>\t\t\t\t<\/div>\n\t\t\t\t<\/div>\n\t\t\t\t<div class=\"elementor-element elementor-element-2b029214 elementor-widget-divider--view-line elementor-widget elementor-widget-divider\" data-id=\"2b029214\" data-element_type=\"widget\" data-e-type=\"widget\" data-widget_type=\"divider.default\">\n\t\t\t\t<div class=\"elementor-widget-container\">\n\t\t\t\t\t\t\t<div class=\"elementor-divider\">\n\t\t\t<span class=\"elementor-divider-separator\">\n\t\t\t\t\t\t<\/span>\n\t\t<\/div>\n\t\t\t\t\t\t<\/div>\n\t\t\t\t<\/div>\n\t\t\t\t<div class=\"elementor-element elementor-element-47d7f8c elementor-widget__width-initial elementor-widget elementor-widget-text-editor\" data-id=\"47d7f8c\" data-element_type=\"widget\" data-e-type=\"widget\" data-widget_type=\"text-editor.default\">\n\t\t\t\t<div class=\"elementor-widget-container\">\n\t\t\t\t\t\t\t\t\t<p>Albaida offers you rental options designed to provide comfort and excellent quality of life. From cozy apartments to spacious homes for the whole family, you'll find the perfect place to enjoy this charming town. Live surrounded by nature, history, and a peaceful atmosphere that will make you feel at home from day one.<\/p><p>If you're interested in learning about the available rental properties, click the button and find the perfect space for you!<\/p>\t\t\t\t\t\t\t\t<\/div>\n\t\t\t\t<\/div>\n\t\t\t\t<div class=\"elementor-element elementor-element-16d3870 btn-alquiler wpr-button-icon-style-inline wpr-button-icon-position-right elementor-widget elementor-widget-wpr-button\" data-id=\"16d3870\" data-element_type=\"widget\" data-e-type=\"widget\" id=\"btn-alquiler\" data-widget_type=\"wpr-button.default\">\n\t\t\t\t<div class=\"elementor-widget-container\">\n\t\t\t\t\t\t\n\t\t\t\n\t\t\n\t\t<div class=\"wpr-button-wrap elementor-clearfix\">\n\t\t<a class=\"wpr-button wpr-button-effect wpr-button-none\" data-text=\"\" href=\"#link\">\n\t\t\t\n\t\t\t<span class=\"wpr-button-content\">\n\t\t\t\t\t\t\t\t\t<span class=\"wpr-button-text\">Learn more<\/span>\n\t\t\t\t\t\t\t\t\n\t\t\t\t\t\t\t<\/span>\n\t\t<\/a>\n\n\t\t\t\t<\/div>\n\t\n\t\n\t\t\t\t\t<\/div>\n\t\t\t\t<\/div>\n\t\t\t\t\t<\/div>\n\t\t<\/div>\n\t\t\t\t\t<\/div>\n\t\t<\/section>\n\t\t\t\t<\/div>","protected":false},"excerpt":{"rendered":"<p>Te asesoramos \u00bfQuieres Comprar Casa en Albaida? Albaida es el lugar ideal para encontrar la casa de tus sue\u00f1os. Rodeada de naturaleza y rica en historia, esta localidad te ofrece la tranquilidad de un entorno rural sin renunciar a todas las comodidades. Descubre viviendas acogedoras, con encanto y perfectas para establecerte, ya sea que busques un hogar familiar o un refugio para desconectar. Albaida te espera con oportunidades que no puedes dejar pasar. Si est\u00e1s interesado en conocer m\u00e1s sobre nuestras opciones, \u00a1dale al bot\u00f3n y encuentra la casa que siempre has querido! Saber mas Construir el hogar de tus sue\u00f1os desde cero o invertir en un espacio propio es posible en Albaida. Esta hermosa localidad te brinda la oportunidad de adquirir terrenos rodeados de paisajes naturales y un entorno tranquilo. Imagina dise\u00f1ar cada rinc\u00f3n seg\u00fan tus gustos y necesidades, con la ventaja de estar en una comunidad llena de historia y encanto. Si deseas m\u00e1s informaci\u00f3n sobre nuestras opciones de terrenos disponibles, \u00a1haz clic en el bot\u00f3n y empieza a hacer realidad tus planes! Saber mas \u00bfQuieres Comprar un terreno en Albaida? Buscas un alquiler Albaida te ofrece opciones de alquiler pensadas para brindarte comodidad y una excelente calidad de vida. Desde acogedores apartamentos hasta espacios amplios para toda la familia, encontrar\u00e1s el lugar ideal para disfrutar de esta encantadora localidad. Vive rodeado de naturaleza, historia y un ambiente tranquilo que te har\u00e1 sentir en casa desde el primer d\u00eda. Si est\u00e1s interesado en conocer las propiedades disponibles en alquiler, \u00a1haz clic en el bot\u00f3n y encuentra el espacio perfecto para ti! Saber mas<\/p>","protected":false},"author":1,"featured_media":0,"parent":0,"menu_order":0,"comment_status":"closed","ping_status":"closed","template":"","meta":{"footnotes":""},"class_list":["post-1378","page","type-page","status-publish","hentry"],"_links":{"self":[{"href":"https:\/\/casaruralenvalencia.es\/en\/wp-json\/wp\/v2\/pages\/1378","targetHints":{"allow":["GET"]}}],"collection":[{"href":"https:\/\/casaruralenvalencia.es\/en\/wp-json\/wp\/v2\/pages"}],"about":[{"href":"https:\/\/casaruralenvalencia.es\/en\/wp-json\/wp\/v2\/types\/page"}],"author":[{"embeddable":true,"href":"https:\/\/casaruralenvalencia.es\/en\/wp-json\/wp\/v2\/users\/1"}],"replies":[{"embeddable":true,"href":"https:\/\/casaruralenvalencia.es\/en\/wp-json\/wp\/v2\/comments?post=1378"}],"version-history":[{"count":67,"href":"https:\/\/casaruralenvalencia.es\/en\/wp-json\/wp\/v2\/pages\/1378\/revisions"}],"predecessor-version":[{"id":1744,"href":"https:\/\/casaruralenvalencia.es\/en\/wp-json\/wp\/v2\/pages\/1378\/revisions\/1744"}],"wp:attachment":[{"href":"https:\/\/casaruralenvalencia.es\/en\/wp-json\/wp\/v2\/media?parent=1378"}],"curies":[{"name":"wp","href":"https:\/\/api.w.org\/{rel}","templated":true}]}}